{"id":1414,"date":"2022-05-07T15:55:08","date_gmt":"2022-05-07T13:55:08","guid":{"rendered":"https:\/\/swimforadream.com\/%d0%b1%d0%bb%d0%be%d0%b3-2\/"},"modified":"2023-09-26T18:21:36","modified_gmt":"2023-09-26T16:21:36","slug":"blog","status":"publish","type":"page","link":"https:\/\/swimforadream.com\/uk\/blog\/","title":{"rendered":"\u0411\u043b\u043e\u0433"},"content":{"rendered":"\t\t<div data-elementor-type=\"wp-page\" data-elementor-id=\"1414\" class=\"elementor elementor-1414 elementor-1349\">\n\t\t\t\t\t\t<section class=\"elementor-section elementor-top-section elementor-element elementor-element-bde95cd elementor-section-boxed elementor-section-height-default elementor-section-height-default\" data-id=\"bde95cd\" data-element_type=\"section\">\n\t\t\t\t\t\t<div class=\"elementor-container elementor-column-gap-default\">\n\t\t\t\t\t<div class=\"elementor-column elementor-col-100 elementor-top-column elementor-element elementor-element-c9994e7\" data-id=\"c9994e7\" data-element_type=\"column\">\n\t\t\t<div class=\"elementor-widget-wrap elementor-element-populated\">\n\t\t\t\t\t\t<div class=\"elementor-element elementor-element-93a7608 elementor-widget elementor-widget-wgl-blog\" data-id=\"93a7608\" data-element_type=\"widget\" data-settings=\"{&quot;blog_columns&quot;:&quot;12&quot;}\" data-widget_type=\"wgl-blog.default\">\n\t\t\t\t<div class=\"elementor-widget-container\">\n\t\t\t<section class=\"wgl_cpt_section\"><div class=\"blog-posts\"><div class=\"container-grid row blog_columns-1 grid blog-style-standard\"><div class=\"wgl_col-12 item\"><div class=\"blog-post format-standard-image\"><div class=\"blog-post_wrapper\"><div class=\"blog-post_media\"><div class=\"blog-post_media_part\"><a href=\"https:\/\/swimforadream.com\/uk\/blog\/wygralismy-przetarg\/\" class=\"media-link image-overlay\"><img decoding=\"async\" src=\"https:\/\/swimforadream.com\/wp-content\/uploads\/2025\/05\/strona-sfad-2-1170x725.png\" class=\" blog-img\" alt=\"STRONA SFAD-2\"><\/a><\/div><span class=\"post_categories\"><span><a href=\"https:\/\/swimforadream.com\/blog\/rozne\/\">R\u00f3\u017cne<\/a><\/span><\/span><\/div><div class=\"blog-post_content\"><div class=\"meta-data\"><span class=\"post_date\">22 \u0422\u0440\u0430\u0432\u043d\u044f 2025<\/span><\/div><h3 class=\"blog-post_title\"><a href=\"https:\/\/swimforadream.com\/uk\/blog\/wygralismy-przetarg\/\">Wygrali\u015bmy przetarg!<\/a><\/h3><div class=\"blog-post_text\">Wygrali\u015bmy przetarg na nauk\u0119 p\u0142ywania dla dzieci z pieczy zast\u0119pczej!\nZ dum\u0105 informujemy, \u017ce...<\/div><\/div><div class=\"blog-post_meta-wrap\"><div class=\"meta-data\"><span class=\"post_author\"> <a href=\"https:\/\/swimforadream.com\/uk\/blog\/author\/adam\/\">Adam Jerzykowski<\/a><\/span><span class=\"comments_post\"><a href=\"https:\/\/swimforadream.com\/uk\/blog\/wygralismy-przetarg\/#respond\" title=\"\u0417\u0430\u043b\u0438\u0448\u0438\u0442\u0438 \u0432\u0456\u0434\u043f\u043e\u0432\u0456\u0434\u044c\">0 \u043a\u043e\u043c\u0435\u043d\u0442\u0430\u0440\u0456\u0432<\/a><\/span><\/div><div class=\"meta-info\"><div class=\"post_likes wgl-likes\"><a href=\"https:\/\/swimforadream.com\/wp-admin\/admin-ajax.php?action=bighearts_like&post_id=3236&nonce=081c0b9cf9&is_comment=&disabled=true\" class=\"sl-button sl-button-3236\" data-nonce=\"081c0b9cf9\" data-post-id=\"3236\" data-title-like=\"\u041b\u0430\u0439\u043a\" data-title-unlike=\"\u0417\u043d\u044f\u0442\u0438 \u043b\u0430\u0439\u043a\" title=\"\u041b\u0430\u0439\u043a\"><span class=\"sl-icon flaticon-love-and-romance liked\"><\/span><span class=\"sl-count\">1<span class=\"sl-count-text\"> \u041b\u0430\u0439\u043a<\/span><\/span><\/a><span class=\"sl-loader\"><\/span><\/div><\/div><\/div><\/div><\/div><\/div><div class=\"wgl_col-12 item\"><div class=\"blog-post format-standard-image\"><div class=\"blog-post_wrapper\"><div class=\"blog-post_media\"><div class=\"blog-post_media_part\"><a href=\"https:\/\/swimforadream.com\/uk\/blog\/sportowy-wolontariat-poznaj-projekt-v-i-e-w-s\/\" class=\"media-link image-overlay\"><img decoding=\"async\" src=\"https:\/\/swimforadream.com\/wp-content\/uploads\/2025\/04\/strona-sfad-1170x725.png\" class=\" blog-img blog-img\" alt=\"STRONA SFAD\"><\/a><\/div><span class=\"post_categories\"><span><a href=\"https:\/\/swimforadream.com\/blog\/rozne\/\">R\u00f3\u017cne<\/a><\/span><\/span><\/div><div class=\"blog-post_content\"><div class=\"meta-data\"><span class=\"post_date\">30 \u041a\u0432\u0456\u0442\u043d\u044f 2025<\/span><\/div><h3 class=\"blog-post_title\"><a href=\"https:\/\/swimforadream.com\/uk\/blog\/sportowy-wolontariat-poznaj-projekt-v-i-e-w-s\/\">Sportowy Wolontariat \u2013 poznaj projekt V.I.E.W.S.<\/a><\/h3><div class=\"blog-post_text\">Innowacja, integracja i sport w jednym\nW ramach programu ERASMUS+ Sport realizujemy dwa...<\/div><\/div><div class=\"blog-post_meta-wrap\"><div class=\"meta-data\"><span class=\"post_author\"> <a href=\"https:\/\/swimforadream.com\/uk\/blog\/author\/adam\/\">Adam Jerzykowski<\/a><\/span><span class=\"comments_post\"><a href=\"https:\/\/swimforadream.com\/uk\/blog\/sportowy-wolontariat-poznaj-projekt-v-i-e-w-s\/#respond\" title=\"\u0417\u0430\u043b\u0438\u0448\u0438\u0442\u0438 \u0432\u0456\u0434\u043f\u043e\u0432\u0456\u0434\u044c\">0 \u043a\u043e\u043c\u0435\u043d\u0442\u0430\u0440\u0456\u0432<\/a><\/span><\/div><div class=\"meta-info\"><div class=\"post_likes wgl-likes\"><a href=\"https:\/\/swimforadream.com\/wp-admin\/admin-ajax.php?action=bighearts_like&post_id=3220&nonce=081c0b9cf9&is_comment=&disabled=true\" class=\"sl-button sl-button-3220\" data-nonce=\"081c0b9cf9\" data-post-id=\"3220\" data-title-like=\"\u041b\u0430\u0439\u043a\" data-title-unlike=\"\u0417\u043d\u044f\u0442\u0438 \u043b\u0430\u0439\u043a\" title=\"\u041b\u0430\u0439\u043a\"><span class=\"sl-icon flaticon-love-and-romance liked\"><\/span><span class=\"sl-count\">1<span class=\"sl-count-text\"> \u041b\u0430\u0439\u043a<\/span><\/span><\/a><span class=\"sl-loader\"><\/span><\/div><\/div><\/div><\/div><\/div><\/div><div class=\"wgl_col-12 item\"><div class=\"blog-post format-standard-image\"><div class=\"blog-post_wrapper\"><div class=\"blog-post_media\"><div class=\"blog-post_media_part\"><a href=\"https:\/\/swimforadream.com\/uk\/blog\/swim-for-a-dream-i-europejskie-projekty-sportowe-dlaczego-to-dla-nas-wazne\/\" class=\"media-link image-overlay\"><img decoding=\"async\" src=\"https:\/\/swimforadream.com\/wp-content\/uploads\/2025\/04\/1-scaled-1170x725.jpg\" class=\" blog-img blog-img blog-img\" alt=\"1\"><\/a><\/div><span class=\"post_categories\"><span><a href=\"https:\/\/swimforadream.com\/blog\/rozne\/\">R\u00f3\u017cne<\/a><\/span><\/span><\/div><div class=\"blog-post_content\"><div class=\"meta-data\"><span class=\"post_date\">25 \u041a\u0432\u0456\u0442\u043d\u044f 2025<\/span><\/div><h3 class=\"blog-post_title\"><a href=\"https:\/\/swimforadream.com\/uk\/blog\/swim-for-a-dream-i-europejskie-projekty-sportowe-dlaczego-to-dla-nas-wazne\/\">Swim For a Dream i europejskie projekty sportowe \u2013 dlaczego to dla nas wa\u017cne?<\/a><\/h3><div class=\"blog-post_text\">W Fundacji Swim For a Dream jednym z filar\u00f3w naszej dzia\u0142alno\u015bci jest promowanie aktywno\u015bci...<\/div><\/div><div class=\"blog-post_meta-wrap\"><div class=\"meta-data\"><span class=\"post_author\"> <a href=\"https:\/\/swimforadream.com\/uk\/blog\/author\/adam\/\">Adam Jerzykowski<\/a><\/span><span class=\"comments_post\"><a href=\"https:\/\/swimforadream.com\/uk\/blog\/swim-for-a-dream-i-europejskie-projekty-sportowe-dlaczego-to-dla-nas-wazne\/#respond\" title=\"\u0417\u0430\u043b\u0438\u0448\u0438\u0442\u0438 \u0432\u0456\u0434\u043f\u043e\u0432\u0456\u0434\u044c\">0 \u043a\u043e\u043c\u0435\u043d\u0442\u0430\u0440\u0456\u0432<\/a><\/span><\/div><div class=\"meta-info\"><div class=\"post_likes wgl-likes\"><a href=\"https:\/\/swimforadream.com\/wp-admin\/admin-ajax.php?action=bighearts_like&post_id=3208&nonce=081c0b9cf9&is_comment=&disabled=true\" class=\"sl-button sl-button-3208 liked\" data-nonce=\"081c0b9cf9\" data-post-id=\"3208\" data-title-like=\"\u041b\u0430\u0439\u043a\" data-title-unlike=\"\u0417\u043d\u044f\u0442\u0438 \u043b\u0430\u0439\u043a\" title=\"\u0417\u043d\u044f\u0442\u0438 \u043b\u0430\u0439\u043a\"><span class=\"sl-icon flaticon-heart unliked\"><\/span><span class=\"sl-count\">2<span class=\"sl-count-text\"> \u041b\u0430\u0439\u043a\u0438<\/span><\/span><\/a><span class=\"sl-loader\"><\/span><\/div><\/div><\/div><\/div><\/div><\/div><div class=\"wgl_col-12 item\"><div class=\"blog-post format-standard-image\"><div class=\"blog-post_wrapper\"><div class=\"blog-post_media\"><div class=\"blog-post_media_part\"><a href=\"https:\/\/swimforadream.com\/blog\/co-dalej-wsparcie-ukrainy-copy\/\" class=\"media-link image-overlay\"><img decoding=\"async\" src=\"https:\/\/swimforadream.com\/wp-content\/uploads\/2025\/04\/otwieeramy-swietlice-srodowiskowa-1200-x-630-px-8-1170x725.png\" class=\" blog-img blog-img blog-img blog-img\" alt=\"Otwieeramy \u015bwietlic\u0119 \u015brodowiskow\u0105 (1200 x 630 px)-8\"><\/a><\/div><span class=\"post_categories\"><span><a href=\"https:\/\/swimforadream.com\/blog\/rozne\/\">R\u00f3\u017cne<\/a><\/span><\/span><\/div><div class=\"blog-post_content\"><div class=\"meta-data\"><span class=\"post_date\">17 \u041a\u0432\u0456\u0442\u043d\u044f 2025<\/span><\/div><h3 class=\"blog-post_title\"><a href=\"https:\/\/swimforadream.com\/blog\/co-dalej-wsparcie-ukrainy-copy\/\">Nowy rozdzia\u0142 Fundacji<\/a><\/h3><div class=\"blog-post_text\">Jak przez lata dzia\u0142a\u0142em sam\nPrzez wiele lat funkcjonowania Fundacji Swim For a Dream,...<\/div><\/div><div class=\"blog-post_meta-wrap\"><div class=\"meta-data\"><span class=\"post_author\"> <a href=\"https:\/\/swimforadream.com\/uk\/blog\/author\/adam\/\">Adam Jerzykowski<\/a><\/span><span class=\"comments_post\"><a href=\"https:\/\/swimforadream.com\/blog\/co-dalej-wsparcie-ukrainy-copy\/#respond\" title=\"\u0417\u0430\u043b\u0438\u0448\u0438\u0442\u0438 \u0432\u0456\u0434\u043f\u043e\u0432\u0456\u0434\u044c\">0 \u043a\u043e\u043c\u0435\u043d\u0442\u0430\u0440\u0456\u0432<\/a><\/span><\/div><div class=\"meta-info\"><div class=\"post_likes wgl-likes\"><a href=\"https:\/\/swimforadream.com\/wp-admin\/admin-ajax.php?action=bighearts_like&post_id=3166&nonce=081c0b9cf9&is_comment=&disabled=true\" class=\"sl-button sl-button-3166\" data-nonce=\"081c0b9cf9\" data-post-id=\"3166\" data-title-like=\"\u041b\u0430\u0439\u043a\" data-title-unlike=\"\u0417\u043d\u044f\u0442\u0438 \u043b\u0430\u0439\u043a\" title=\"\u041b\u0430\u0439\u043a\"><span class=\"sl-icon flaticon-love-and-romance liked\"><\/span><span class=\"sl-count\">31<span class=\"sl-count-text\"> \u041b\u0430\u0439\u043a<\/span><\/span><\/a><span class=\"sl-loader\"><\/span><\/div><\/div><\/div><\/div><\/div><\/div><div class=\"wgl_col-12 item\"><div class=\"blog-post format-standard-image\"><div class=\"blog-post_wrapper\"><div class=\"blog-post_media\"><div class=\"blog-post_media_part\"><a href=\"https:\/\/swimforadream.com\/uk\/blog\/whats-next-support-for-ukraine\/\" class=\"media-link image-overlay\"><img decoding=\"async\" src=\"https:\/\/swimforadream.com\/wp-content\/uploads\/2022\/05\/Blok-2-wpis-1170x725.jpg\" class=\" blog-img blog-img blog-img blog-img blog-img\" alt=\"Blok-2-wpis\"><\/a><\/div><span class=\"post_categories\"><span><a href=\"https:\/\/swimforadream.com\/blog\/rozne\/\">R\u00f3\u017cne<\/a><\/span><span><a href=\"https:\/\/swimforadream.com\/uk\/blog\/sundry\/\">\u0420\u0456\u0437\u043d\u0435<\/a><\/span><\/span><\/div><div class=\"blog-post_content\"><div class=\"meta-data\"><span class=\"post_date\">31 \u0411\u0435\u0440\u0435\u0437\u043d\u044f 2022<\/span><\/div><h3 class=\"blog-post_title\"><a href=\"https:\/\/swimforadream.com\/uk\/blog\/whats-next-support-for-ukraine\/\">\u0429\u043e \u0434\u0430\u043b\u0456? &#8211; \u041f\u0456\u0434\u0442\u0440\u0438\u043c\u043a\u0430 \u0423\u043a\u0440\u0430\u0457\u043d\u0438<\/a><\/h3><div class=\"blog-post_text\">\u0420\u043e\u0437\u0432\u0438\u0442\u043e\u043a \u0434\u0456\u044f\u043b\u044c\u043d\u043e\u0441\u0442\u0456 \u0443 \u043d\u0430\u043f\u0440\u044f\u043c\u043a\u0443 \u0434\u043e\u043f\u043e\u043c\u043e\u0433\u0438 \u0423\u043a\u0440\u0430\u0457\u043d\u0456\n\u0424\u0443\u043d\u0434\u0430\u0446\u0456\u044f \u0431\u0435\u0440\u0435 \u0430\u043a\u0442\u0438\u0432\u043d\u0443 \u0443\u0447\u0430\u0441\u0442\u044c \u0443 \u0434\u043e\u043f\u043e\u043c\u043e\u0437\u0456 \u0434\u0456\u0442\u044f\u043c...<\/div><\/div><div class=\"blog-post_meta-wrap\"><div class=\"meta-data\"><span class=\"post_author\"> <a href=\"https:\/\/swimforadream.com\/uk\/blog\/author\/swim-for-a-dream\/\">Swim for a Dream<\/a><\/span><span class=\"comments_post\"><a href=\"https:\/\/swimforadream.com\/uk\/blog\/whats-next-support-for-ukraine\/#respond\" title=\"\u0417\u0430\u043b\u0438\u0448\u0438\u0442\u0438 \u0432\u0456\u0434\u043f\u043e\u0432\u0456\u0434\u044c\">0 \u043a\u043e\u043c\u0435\u043d\u0442\u0430\u0440\u0456\u0432<\/a><\/span><\/div><div class=\"meta-info\"><div class=\"post_likes wgl-likes\"><a href=\"https:\/\/swimforadream.com\/wp-admin\/admin-ajax.php?action=bighearts_like&post_id=1404&nonce=081c0b9cf9&is_comment=&disabled=true\" class=\"sl-button sl-button-1404 liked\" data-nonce=\"081c0b9cf9\" data-post-id=\"1404\" data-title-like=\"\u041b\u0430\u0439\u043a\" data-title-unlike=\"\u0417\u043d\u044f\u0442\u0438 \u043b\u0430\u0439\u043a\" title=\"\u0417\u043d\u044f\u0442\u0438 \u043b\u0430\u0439\u043a\"><span class=\"sl-icon flaticon-heart unliked\"><\/span><span class=\"sl-count\">8<span class=\"sl-count-text\"> \u041b\u0430\u0439\u043a\u0456\u0432<\/span><\/span><\/a><span class=\"sl-loader\"><\/span><\/div><\/div><\/div><\/div><\/div><\/div><div class=\"wgl_col-12 item\"><div class=\"blog-post format-standard-image\"><div class=\"blog-post_wrapper\"><div class=\"blog-post_media\"><div class=\"blog-post_media_part\"><a href=\"https:\/\/swimforadream.com\/uk\/blog\/support-ukraine\/\" class=\"media-link image-overlay\"><img decoding=\"async\" src=\"https:\/\/swimforadream.com\/wp-content\/uploads\/2022\/03\/Blog-o-Ukrainie-1170x725.jpg\" class=\" blog-img blog-img blog-img blog-img blog-img blog-img\" alt=\"Blog-o-Ukrainie\"><\/a><\/div><span class=\"post_categories\"><span><a href=\"https:\/\/swimforadream.com\/blog\/rozne\/\">R\u00f3\u017cne<\/a><\/span><span><a href=\"https:\/\/swimforadream.com\/uk\/blog\/sundry\/\">\u0420\u0456\u0437\u043d\u0435<\/a><\/span><\/span><\/div><div class=\"blog-post_content\"><div class=\"meta-data\"><span class=\"post_date\">25 \u0411\u0435\u0440\u0435\u0437\u043d\u044f 2022<\/span><\/div><h3 class=\"blog-post_title\"><a href=\"https:\/\/swimforadream.com\/uk\/blog\/support-ukraine\/\">\u041f\u0456\u0434\u0442\u0440\u0438\u043c\u043a\u0430 \u0423\u043a\u0440\u0430\u0457\u043d\u0438&#8230;<\/a><\/h3><div class=\"blog-post_text\">\u041f\u0456\u0434\u0442\u0440\u0438\u043c\u043a\u0430 \u0443\u043a\u0440\u0430\u0457\u043d\u0441\u044c\u043a\u0438\u0445 \u0434\u0456\u0442\u0435\u0439 \u0437 \u0434\u0438\u0442\u044f\u0447\u0438\u0445 \u0431\u0443\u0434\u0438\u043d\u043a\u0456\u0432\n\u0427\u0435\u0440\u0435\u0437 \u0432\u0456\u0439\u043d\u0443 \u0432 \u0423\u043a\u0440\u0430\u0457\u043d\u0456 \u041b\u043e\u0434\u0437\u044c \u0441\u0442\u0430\u043d\u0435 \u0434\u043e\u043c\u0456\u0432\u043a\u043e\u044e \u0434\u043b\u044f...<\/div><\/div><div class=\"blog-post_meta-wrap\"><div class=\"meta-data\"><span class=\"post_author\"> <a href=\"https:\/\/swimforadream.com\/uk\/blog\/author\/swim-for-a-dream\/\">Swim for a Dream<\/a><\/span><span class=\"comments_post\"><a href=\"https:\/\/swimforadream.com\/uk\/blog\/support-ukraine\/#respond\" title=\"\u0417\u0430\u043b\u0438\u0448\u0438\u0442\u0438 \u0432\u0456\u0434\u043f\u043e\u0432\u0456\u0434\u044c\">0 \u043a\u043e\u043c\u0435\u043d\u0442\u0430\u0440\u0456\u0432<\/a><\/span><\/div><div class=\"meta-info\"><div class=\"post_likes wgl-likes\"><a href=\"https:\/\/swimforadream.com\/wp-admin\/admin-ajax.php?action=bighearts_like&post_id=1437&nonce=081c0b9cf9&is_comment=&disabled=true\" class=\"sl-button sl-button-1437 liked\" data-nonce=\"081c0b9cf9\" data-post-id=\"1437\" data-title-like=\"\u041b\u0430\u0439\u043a\" data-title-unlike=\"\u0417\u043d\u044f\u0442\u0438 \u043b\u0430\u0439\u043a\" title=\"\u0417\u043d\u044f\u0442\u0438 \u043b\u0430\u0439\u043a\"><span class=\"sl-icon flaticon-heart unliked\"><\/span><span class=\"sl-count\">8<span class=\"sl-count-text\"> \u041b\u0430\u0439\u043a\u0456\u0432<\/span><\/span><\/a><span class=\"sl-loader\"><\/span><\/div><\/div><\/div><\/div><\/div><\/div><\/div><\/div><\/section>\t\t<\/div>\n\t\t\t\t<\/div>\n\t\t\t\t\t<\/div>\n\t\t<\/div>\n\t\t\t\t\t<\/div>\n\t\t<\/section>\n\t\t\t\t<\/div>\n\t\t","protected":false},"excerpt":{"rendered":"","protected":false},"author":1,"featured_media":0,"parent":0,"menu_order":0,"comment_status":"closed","ping_status":"closed","template":"","meta":{"footnotes":""},"class_list":["post-1414","page","type-page","status-publish","hentry"],"yoast_head":"<!-- This site is optimized with the Yoast SEO plugin v24.7 - https:\/\/yoast.com\/wordpress\/plugins\/seo\/ -->\n<title>\u0411\u043b\u043e\u0433 ~ Swim for a Dream<\/title>\n<meta name=\"robots\" content=\"index, follow, max-snippet:-1, max-image-preview:large, max-video-preview:-1\" \/>\n<link rel=\"canonical\" href=\"https:\/\/swimforadream.com\/uk\/blog\/\" \/>\n<meta property=\"og:locale\" content=\"uk_UA\" \/>\n<meta property=\"og:type\" content=\"article\" \/>\n<meta property=\"og:title\" content=\"\u0411\u043b\u043e\u0433 ~ Swim for a Dream\" \/>\n<meta property=\"og:url\" content=\"https:\/\/swimforadream.com\/uk\/blog\/\" \/>\n<meta property=\"og:site_name\" content=\"Swim for a Dream\" \/>\n<meta property=\"article:modified_time\" content=\"2023-09-26T16:21:36+00:00\" \/>\n<meta name=\"twitter:card\" content=\"summary_large_image\" \/>\n<script type=\"application\/ld+json\" class=\"yoast-schema-graph\">{\"@context\":\"https:\/\/schema.org\",\"@graph\":[{\"@type\":\"Article\",\"@id\":\"https:\/\/swimforadream.com\/uk\/blog\/#article\",\"isPartOf\":{\"@id\":\"https:\/\/swimforadream.com\/uk\/blog\/\"},\"author\":{\"name\":\"IT-Spectrum\",\"@id\":\"https:\/\/swimforadream.com\/uk\/#\/schema\/person\/15f5b246b3874a6b931fa1d7a30a18ed\"},\"headline\":\"\u0411\u043b\u043e\u0433\",\"datePublished\":\"2022-05-07T13:55:08+00:00\",\"dateModified\":\"2023-09-26T16:21:36+00:00\",\"mainEntityOfPage\":{\"@id\":\"https:\/\/swimforadream.com\/uk\/blog\/\"},\"wordCount\":1,\"publisher\":{\"@id\":\"https:\/\/swimforadream.com\/uk\/#organization\"},\"inLanguage\":\"uk\"},{\"@type\":\"WebPage\",\"@id\":\"https:\/\/swimforadream.com\/uk\/blog\/\",\"url\":\"https:\/\/swimforadream.com\/uk\/blog\/\",\"name\":\"\u0411\u043b\u043e\u0433 ~ Swim for a Dream\",\"isPartOf\":{\"@id\":\"https:\/\/swimforadream.com\/uk\/#website\"},\"datePublished\":\"2022-05-07T13:55:08+00:00\",\"dateModified\":\"2023-09-26T16:21:36+00:00\",\"breadcrumb\":{\"@id\":\"https:\/\/swimforadream.com\/uk\/blog\/#breadcrumb\"},\"inLanguage\":\"uk\",\"potentialAction\":[{\"@type\":\"ReadAction\",\"target\":[\"https:\/\/swimforadream.com\/uk\/blog\/\"]}]},{\"@type\":\"BreadcrumbList\",\"@id\":\"https:\/\/swimforadream.com\/uk\/blog\/#breadcrumb\",\"itemListElement\":[{\"@type\":\"ListItem\",\"position\":1,\"name\":\"\u0413\u043e\u043b\u043e\u0432\u043d\u0430\",\"item\":\"https:\/\/swimforadream.com\/uk\/home\/\"},{\"@type\":\"ListItem\",\"position\":2,\"name\":\"\u0411\u043b\u043e\u0433\"}]},{\"@type\":\"WebSite\",\"@id\":\"https:\/\/swimforadream.com\/uk\/#website\",\"url\":\"https:\/\/swimforadream.com\/uk\/\",\"name\":\"Swim for a Dream\",\"description\":\"Kolejna witryna oparta na WordPressie\",\"publisher\":{\"@id\":\"https:\/\/swimforadream.com\/uk\/#organization\"},\"potentialAction\":[{\"@type\":\"SearchAction\",\"target\":{\"@type\":\"EntryPoint\",\"urlTemplate\":\"https:\/\/swimforadream.com\/uk\/?s={search_term_string}\"},\"query-input\":{\"@type\":\"PropertyValueSpecification\",\"valueRequired\":true,\"valueName\":\"search_term_string\"}}],\"inLanguage\":\"uk\"},{\"@type\":[\"Organization\",\"Place\"],\"@id\":\"https:\/\/swimforadream.com\/uk\/#organization\",\"name\":\"Swim For a Dream\",\"url\":\"https:\/\/swimforadream.com\/uk\/\",\"logo\":{\"@id\":\"https:\/\/swimforadream.com\/uk\/blog\/#local-main-organization-logo\"},\"image\":{\"@id\":\"https:\/\/swimforadream.com\/uk\/blog\/#local-main-organization-logo\"},\"openingHoursSpecification\":[{\"@type\":\"OpeningHoursSpecification\",\"dayOfWeek\":[\"Monday\",\"Tuesday\",\"Wednesday\",\"Thursday\",\"Friday\",\"Saturday\",\"Sunday\"],\"opens\":\"09:00\",\"closes\":\"17:00\"}]},{\"@type\":\"Person\",\"@id\":\"https:\/\/swimforadream.com\/uk\/#\/schema\/person\/15f5b246b3874a6b931fa1d7a30a18ed\",\"name\":\"IT-Spectrum\",\"sameAs\":[\"https:\/\/swimforadream.com\"]},{\"@type\":\"ImageObject\",\"inLanguage\":\"uk\",\"@id\":\"https:\/\/swimforadream.com\/uk\/blog\/#local-main-organization-logo\",\"url\":\"https:\/\/swimforadream.com\/wp-content\/uploads\/2022\/04\/logo.png\",\"contentUrl\":\"https:\/\/swimforadream.com\/wp-content\/uploads\/2022\/04\/logo.png\",\"width\":347,\"height\":359,\"caption\":\"Swim For a Dream\"}]}<\/script>\n<!-- \/ Yoast SEO plugin. -->","yoast_head_json":{"title":"\u0411\u043b\u043e\u0433 ~ Swim for a Dream","robots":{"index":"index","follow":"follow","max-snippet":"max-snippet:-1","max-image-preview":"max-image-preview:large","max-video-preview":"max-video-preview:-1"},"canonical":"https:\/\/swimforadream.com\/uk\/blog\/","og_locale":"uk_UA","og_type":"article","og_title":"\u0411\u043b\u043e\u0433 ~ Swim for a Dream","og_url":"https:\/\/swimforadream.com\/uk\/blog\/","og_site_name":"Swim for a Dream","article_modified_time":"2023-09-26T16:21:36+00:00","twitter_card":"summary_large_image","schema":{"@context":"https:\/\/schema.org","@graph":[{"@type":"Article","@id":"https:\/\/swimforadream.com\/uk\/blog\/#article","isPartOf":{"@id":"https:\/\/swimforadream.com\/uk\/blog\/"},"author":{"name":"IT-Spectrum","@id":"https:\/\/swimforadream.com\/uk\/#\/schema\/person\/15f5b246b3874a6b931fa1d7a30a18ed"},"headline":"\u0411\u043b\u043e\u0433","datePublished":"2022-05-07T13:55:08+00:00","dateModified":"2023-09-26T16:21:36+00:00","mainEntityOfPage":{"@id":"https:\/\/swimforadream.com\/uk\/blog\/"},"wordCount":1,"publisher":{"@id":"https:\/\/swimforadream.com\/uk\/#organization"},"inLanguage":"uk"},{"@type":"WebPage","@id":"https:\/\/swimforadream.com\/uk\/blog\/","url":"https:\/\/swimforadream.com\/uk\/blog\/","name":"\u0411\u043b\u043e\u0433 ~ Swim for a Dream","isPartOf":{"@id":"https:\/\/swimforadream.com\/uk\/#website"},"datePublished":"2022-05-07T13:55:08+00:00","dateModified":"2023-09-26T16:21:36+00:00","breadcrumb":{"@id":"https:\/\/swimforadream.com\/uk\/blog\/#breadcrumb"},"inLanguage":"uk","potentialAction":[{"@type":"ReadAction","target":["https:\/\/swimforadream.com\/uk\/blog\/"]}]},{"@type":"BreadcrumbList","@id":"https:\/\/swimforadream.com\/uk\/blog\/#breadcrumb","itemListElement":[{"@type":"ListItem","position":1,"name":"\u0413\u043e\u043b\u043e\u0432\u043d\u0430","item":"https:\/\/swimforadream.com\/uk\/home\/"},{"@type":"ListItem","position":2,"name":"\u0411\u043b\u043e\u0433"}]},{"@type":"WebSite","@id":"https:\/\/swimforadream.com\/uk\/#website","url":"https:\/\/swimforadream.com\/uk\/","name":"Swim for a Dream","description":"Kolejna witryna oparta na WordPressie","publisher":{"@id":"https:\/\/swimforadream.com\/uk\/#organization"},"potentialAction":[{"@type":"SearchAction","target":{"@type":"EntryPoint","urlTemplate":"https:\/\/swimforadream.com\/uk\/?s={search_term_string}"},"query-input":{"@type":"PropertyValueSpecification","valueRequired":true,"valueName":"search_term_string"}}],"inLanguage":"uk"},{"@type":["Organization","Place"],"@id":"https:\/\/swimforadream.com\/uk\/#organization","name":"Swim For a Dream","url":"https:\/\/swimforadream.com\/uk\/","logo":{"@id":"https:\/\/swimforadream.com\/uk\/blog\/#local-main-organization-logo"},"image":{"@id":"https:\/\/swimforadream.com\/uk\/blog\/#local-main-organization-logo"},"openingHoursSpecification":[{"@type":"OpeningHoursSpecification","dayOfWeek":["Monday","Tuesday","Wednesday","Thursday","Friday","Saturday","Sunday"],"opens":"09:00","closes":"17:00"}]},{"@type":"Person","@id":"https:\/\/swimforadream.com\/uk\/#\/schema\/person\/15f5b246b3874a6b931fa1d7a30a18ed","name":"IT-Spectrum","sameAs":["https:\/\/swimforadream.com"]},{"@type":"ImageObject","inLanguage":"uk","@id":"https:\/\/swimforadream.com\/uk\/blog\/#local-main-organization-logo","url":"https:\/\/swimforadream.com\/wp-content\/uploads\/2022\/04\/logo.png","contentUrl":"https:\/\/swimforadream.com\/wp-content\/uploads\/2022\/04\/logo.png","width":347,"height":359,"caption":"Swim For a Dream"}]}},"_links":{"self":[{"href":"https:\/\/swimforadream.com\/uk\/wp-json\/wp\/v2\/pages\/1414","targetHints":{"allow":["GET"]}}],"collection":[{"href":"https:\/\/swimforadream.com\/uk\/wp-json\/wp\/v2\/pages"}],"about":[{"href":"https:\/\/swimforadream.com\/uk\/wp-json\/wp\/v2\/types\/page"}],"author":[{"embeddable":true,"href":"https:\/\/swimforadream.com\/uk\/wp-json\/wp\/v2\/users\/1"}],"replies":[{"embeddable":true,"href":"https:\/\/swimforadream.com\/uk\/wp-json\/wp\/v2\/comments?post=1414"}],"version-history":[{"count":7,"href":"https:\/\/swimforadream.com\/uk\/wp-json\/wp\/v2\/pages\/1414\/revisions"}],"predecessor-version":[{"id":2784,"href":"https:\/\/swimforadream.com\/uk\/wp-json\/wp\/v2\/pages\/1414\/revisions\/2784"}],"wp:attachment":[{"href":"https:\/\/swimforadream.com\/uk\/wp-json\/wp\/v2\/media?parent=1414"}],"curies":[{"name":"wp","href":"https:\/\/api.w.org\/{rel}","templated":true}]}}