{"id":934,"date":"2022-04-27T19:16:45","date_gmt":"2022-04-27T17:16:45","guid":{"rendered":"https:\/\/swimforadream.com\/%d1%81%d0%bf%d0%be%d1%80%d1%82%d0%b8%d0%b2%d0%bd%d1%96-%d0%b7%d0%b0%d1%85%d0%be%d0%b4%d0%b8\/"},"modified":"2022-05-07T18:47:45","modified_gmt":"2022-05-07T16:47:45","slug":"sports-events","status":"publish","type":"page","link":"https:\/\/swimforadream.com\/uk\/sports-events\/","title":{"rendered":"\u0421\u043f\u043e\u0440\u0442\u0438\u0432\u043d\u0456 \u0437\u0430\u0445\u043e\u0434\u0438"},"content":{"rendered":"\t\t<div data-elementor-type=\"wp-page\" data-elementor-id=\"934\" class=\"elementor elementor-934 elementor-318\">\n\t\t\t\t\t\t<section class=\"elementor-section elementor-top-section elementor-element elementor-element-789adfe elementor-section-height-min-height elementor-section-boxed elementor-section-height-default elementor-section-items-middle\" data-id=\"789adfe\" data-element_type=\"section\" data-settings=\"{&quot;background_background&quot;:&quot;classic&quot;,&quot;shape_divider_bottom&quot;:&quot;wave-brush&quot;}\">\n\t\t\t\t\t\t\t<div class=\"elementor-background-overlay\"><\/div>\n\t\t\t\t\t\t<div class=\"elementor-shape elementor-shape-bottom\" data-negative=\"false\">\n\t\t\t<svg xmlns=\"http:\/\/www.w3.org\/2000\/svg\" viewBox=\"0 0 283.5 27.8\" preserveAspectRatio=\"none\">\n\t<path class=\"elementor-shape-fill\" d=\"M283.5,9.7c0,0-7.3,4.3-14,4.6c-6.8,0.3-12.6,0-20.9-1.5c-11.3-2-33.1-10.1-44.7-5.7\ts-12.1,4.6-18,7.4c-6.6,3.2-20,9.6-36.6,9.3C131.6,23.5,99.5,7.2,86.3,8c-1.4,0.1-6.6,0.8-10.5,2c-3.8,1.2-9.4,3.8-17,4.7\tc-3.2,0.4-8.3,1.1-14.2,0.9c-1.5-0.1-6.3-0.4-12-1.6c-5.7-1.2-11-3.1-15.8-3.7C6.5,9.2,0,10.8,0,10.8V0h283.5V9.7z M260.8,11.3\tc-0.7-1-2-0.4-4.3-0.4c-2.3,0-6.1-1.2-5.8-1.1c0.3,0.1,3.1,1.5,6,1.9C259.7,12.2,261.4,12.3,260.8,11.3z M242.4,8.6\tc0,0-2.4-0.2-5.6-0.9c-3.2-0.8-10.3-2.8-15.1-3.5c-8.2-1.1-15.8,0-15.1,0.1c0.8,0.1,9.6-0.6,17.6,1.1c3.3,0.7,9.3,2.2,12.4,2.7\tC239.9,8.7,242.4,8.6,242.4,8.6z M185.2,8.5c1.7-0.7-13.3,4.7-18.5,6.1c-2.1,0.6-6.2,1.6-10,2c-3.9,0.4-8.9,0.4-8.8,0.5\tc0,0.2,5.8,0.8,11.2,0c5.4-0.8,5.2-1.1,7.6-1.6C170.5,14.7,183.5,9.2,185.2,8.5z M199.1,6.9c0.2,0-0.8-0.4-4.8,1.1\tc-4,1.5-6.7,3.5-6.9,3.7c-0.2,0.1,3.5-1.8,6.6-3C197,7.5,199,6.9,199.1,6.9z M283,6c-0.1,0.1-1.9,1.1-4.8,2.5s-6.9,2.8-6.7,2.7\tc0.2,0,3.5-0.6,7.4-2.5C282.8,6.8,283.1,5.9,283,6z M31.3,11.6c0.1-0.2-1.9-0.2-4.5-1.2s-5.4-1.6-7.8-2C15,7.6,7.3,8.5,7.7,8.6\tC8,8.7,15.9,8.3,20.2,9.3c2.2,0.5,2.4,0.5,5.7,1.6S31.2,11.9,31.3,11.6z M73,9.2c0.4-0.1,3.5-1.6,8.4-2.6c4.9-1.1,8.9-0.5,8.9-0.8\tc0-0.3-1-0.9-6.2-0.3S72.6,9.3,73,9.2z M71.6,6.7C71.8,6.8,75,5.4,77.3,5c2.3-0.3,1.9-0.5,1.9-0.6c0-0.1-1.1-0.2-2.7,0.2\tC74.8,5.1,71.4,6.6,71.6,6.7z M93.6,4.4c0.1,0.2,3.5,0.8,5.6,1.8c2.1,1,1.8,0.6,1.9,0.5c0.1-0.1-0.8-0.8-2.4-1.3\tC97.1,4.8,93.5,4.2,93.6,4.4z M65.4,11.1c-0.1,0.3,0.3,0.5,1.9-0.2s2.6-1.3,2.2-1.2s-0.9,0.4-2.5,0.8C65.3,10.9,65.5,10.8,65.4,11.1\tz M34.5,12.4c-0.2,0,2.1,0.8,3.3,0.9c1.2,0.1,2,0.1,2-0.2c0-0.3-0.1-0.5-1.6-0.4C36.6,12.8,34.7,12.4,34.5,12.4z M152.2,21.1\tc-0.1,0.1-2.4-0.3-7.5-0.3c-5,0-13.6-2.4-17.2-3.5c-3.6-1.1,10,3.9,16.5,4.1C150.5,21.6,152.3,21,152.2,21.1z\"\/>\n\t<path class=\"elementor-shape-fill\" d=\"M269.6,18c-0.1-0.1-4.6,0.3-7.2,0c-7.3-0.7-17-3.2-16.6-2.9c0.4,0.3,13.7,3.1,17,3.3\tC267.7,18.8,269.7,18,269.6,18z\"\/>\n\t<path class=\"elementor-shape-fill\" d=\"M227.4,9.8c-0.2-0.1-4.5-1-9.5-1.2c-5-0.2-12.7,0.6-12.3,0.5c0.3-0.1,5.9-1.8,13.3-1.2\tS227.6,9.9,227.4,9.8z\"\/>\n\t<path class=\"elementor-shape-fill\" d=\"M204.5,13.4c-0.1-0.1,2-1,3.2-1.1c1.2-0.1,2,0,2,0.3c0,0.3-0.1,0.5-1.6,0.4\tC206.4,12.9,204.6,13.5,204.5,13.4z\"\/>\n\t<path class=\"elementor-shape-fill\" d=\"M201,10.6c0-0.1-4.4,1.2-6.3,2.2c-1.9,0.9-6.2,3.1-6.1,3.1c0.1,0.1,4.2-1.6,6.3-2.6\tS201,10.7,201,10.6z\"\/>\n\t<path class=\"elementor-shape-fill\" d=\"M154.5,26.7c-0.1-0.1-4.6,0.3-7.2,0c-7.3-0.7-17-3.2-16.6-2.9c0.4,0.3,13.7,3.1,17,3.3\tC152.6,27.5,154.6,26.8,154.5,26.7z\"\/>\n\t<path class=\"elementor-shape-fill\" d=\"M41.9,19.3c0,0,1.2-0.3,2.9-0.1c1.7,0.2,5.8,0.9,8.2,0.7c4.2-0.4,7.4-2.7,7-2.6\tc-0.4,0-4.3,2.2-8.6,1.9c-1.8-0.1-5.1-0.5-6.7-0.4S41.9,19.3,41.9,19.3z\"\/>\n\t<path class=\"elementor-shape-fill\" d=\"M75.5,12.6c0.2,0.1,2-0.8,4.3-1.1c2.3-0.2,2.1-0.3,2.1-0.5c0-0.1-1.8-0.4-3.4,0\tC76.9,11.5,75.3,12.5,75.5,12.6z\"\/>\n\t<path class=\"elementor-shape-fill\" d=\"M15.6,13.2c0-0.1,4.3,0,6.7,0.5c2.4,0.5,5,1.9,5,2c0,0.1-2.7-0.8-5.1-1.4\tC19.9,13.7,15.7,13.3,15.6,13.2z\"\/>\n<\/svg>\t\t<\/div>\n\t\t\t\t\t<div class=\"elementor-container elementor-column-gap-default\">\n\t\t\t\t\t<div class=\"elementor-column elementor-col-100 elementor-top-column elementor-element elementor-element-4f96462 elementor-invisible\" data-id=\"4f96462\" data-element_type=\"column\" data-settings=\"{&quot;animation&quot;:&quot;zoomIn&quot;}\">\n\t\t\t<div class=\"elementor-widget-wrap elementor-element-populated\">\n\t\t\t\t\t\t<div class=\"elementor-element elementor-element-c7ebc58 elementor-widget elementor-widget-heading\" data-id=\"c7ebc58\" data-element_type=\"widget\" data-widget_type=\"heading.default\">\n\t\t\t\t<div class=\"elementor-widget-container\">\n\t\t\t<p class=\"elementor-heading-title elementor-size-default\">\u041c\u0438 \u0436\u0438\u0432\u0435\u043c\u043e \u043d\u0435 \u0442\u0456\u043b\u044c\u043a\u0438 \u043f\u043b\u0430\u0432\u0430\u043d\u043d\u044f\u043c<\/p>\t\t<\/div>\n\t\t\t\t<\/div>\n\t\t\t\t\t<\/div>\n\t\t<\/div>\n\t\t\t\t\t<\/div>\n\t\t<\/section>\n\t\t\t\t<section class=\"elementor-section elementor-top-section elementor-element elementor-element-ba10abc elementor-section-boxed elementor-section-height-default elementor-section-height-default\" data-id=\"ba10abc\" data-element_type=\"section\">\n\t\t\t\t\t\t<div class=\"elementor-container elementor-column-gap-default\">\n\t\t\t\t\t<div class=\"elementor-column elementor-col-100 elementor-top-column elementor-element elementor-element-b7d6bd5\" data-id=\"b7d6bd5\" data-element_type=\"column\">\n\t\t\t<div class=\"elementor-widget-wrap elementor-element-populated\">\n\t\t\t\t\t\t<div class=\"elementor-element elementor-element-87e904f elementor-widget elementor-widget-heading\" data-id=\"87e904f\" data-element_type=\"widget\" data-widget_type=\"heading.default\">\n\t\t\t\t<div class=\"elementor-widget-container\">\n\t\t\t<h1 class=\"elementor-heading-title elementor-size-default\">\u0412\u0432\u0435\u0434\u0456\u0442\u044c \u0442\u0435\u043a\u0441\u0442 \u0437\u0430\u0433\u043e\u043b\u043e\u0432\u043a\u0430<\/h1>\t\t<\/div>\n\t\t\t\t<\/div>\n\t\t\t\t\t<\/div>\n\t\t<\/div>\n\t\t\t\t\t<\/div>\n\t\t<\/section>\n\t\t\t\t<section class=\"elementor-section elementor-top-section elementor-element elementor-element-235f403 elementor-section-boxed elementor-section-height-default elementor-section-height-default\" data-id=\"235f403\" data-element_type=\"section\">\n\t\t\t\t\t\t<div class=\"elementor-container elementor-column-gap-default\">\n\t\t\t\t\t<div class=\"elementor-column elementor-col-100 elementor-top-column elementor-element elementor-element-c53b90c\" data-id=\"c53b90c\" data-element_type=\"column\">\n\t\t\t<div class=\"elementor-widget-wrap elementor-element-populated\">\n\t\t\t\t\t\t<div class=\"elementor-element elementor-element-8a55c78 elementor-widget elementor-widget-text-editor\" data-id=\"8a55c78\" data-element_type=\"widget\" data-widget_type=\"text-editor.default\">\n\t\t\t\t<div class=\"elementor-widget-container\">\n\t\t\t\t\t\t\t<p>\u0414\u043e\u0431\u0440\u0456 \u043f\u043e\u0434\u0456\u0457 \u0446\u0435 \u0442\u0430\u043a\u0456, \u044f\u043a\u0456 \u043d\u0430\u0440\u043e\u0434\u0436\u0443\u044e\u0442\u044c\u0441\u044f \u0432 \u043e\u0434\u043d\u0456\u0439 \u0433\u043e\u043b\u043e\u0432\u0456, \u0430 \u0431\u0430\u0433\u0430\u0442\u043e \u0440\u0443\u043a \u043c\u0430\u0454 \u0432 \u043d\u0438\u0445 \u043f\u0430\u043b\u044c\u0446\u0456, \u0449\u043e\u0431 \u0449\u0435 \u0431\u0456\u043b\u044c\u0448\u0435 \u0441\u0435\u0440\u0434\u0435\u0446\u044c \u0431\u0438\u043b\u043e\u0441\u044c \u0432 \u043e\u0434\u043d\u043e\u043c\u0443 \u0440\u0438\u0442\u043c\u0456!\r\n<p>\u0423 \u0440\u0430\u043c\u043a\u0430\u0445 \u0424\u043e\u043d\u0434\u0443 \u043c\u0438 \u043e\u0445\u043e\u0447\u0435 \u0432\u0441\u0442\u0443\u043f\u0430\u0454\u043c\u043e \u0432 \u0441\u043f\u0456\u0432\u043f\u0440\u0430\u0446\u044e \u0437 \u043a\u043e\u043c\u043f\u0430\u043d\u0456\u044f\u043c\u0438 \u0442\u0430 \u043e\u0440\u0433\u0430\u043d\u0456\u0437\u0430\u0446\u0456\u044f\u043c\u0438 \u0434\u043b\u044f \u0441\u043f\u0456\u043b\u044c\u043d\u043e\u0433\u043e \u0441\u0442\u0432\u043e\u0440\u0435\u043d\u043d\u044f \u0447\u0443\u0434\u043e\u0432\u0438\u0445 \u0431\u043b\u0430\u0433\u043e\u0434\u0456\u0439\u043d\u0438\u0445 \u0430\u043a\u0446\u0456\u0439, \u044f\u043a\u0456 \u043d\u0430\u0434\u043e\u0432\u0433\u043e \u0437\u0430\u043f\u0430\u043c\u2019\u044f\u0442\u0430\u044e\u0442\u044c\u0441\u044f \u0443\u0447\u0430\u0441\u043d\u0438\u043a\u0430\u043c.\r\n<p>\u0422\u0430\u043a\u0438\u043c \u0447\u0438\u043d\u043e\u043c, \u0443 \u0441\u043f\u0456\u0432\u043f\u0440\u0430\u0446\u0456 \u0437 C.H. Port \u0141\u00f3d\u017a, \u043c\u0438 \u043e\u0440\u0433\u0430\u043d\u0456\u0437\u0443\u0432\u0430\u043b\u0438 \u0414\u0435\u043d\u044c \u0441\u043f\u043e\u0440\u0442\u0443, \u0442\u043e\u0431\u0442\u043e \u0432\u0435\u043b\u0438\u043a\u0438\u0439 \u0442\u0435\u0441\u0442 \u041a\u0443\u043f\u0435\u0440\u0430 \u043d\u0430 \u0431\u0456\u0433\u043e\u0432\u0438\u0445 \u0434\u043e\u0440\u0456\u0436\u043a\u0430\u0445, \u044f\u043a\u0456 \u0431\u0443\u043b\u0438 \u0432\u0438\u0441\u0442\u0430\u0432\u043b\u0435\u043d\u0456 \u0432 \u0442\u043e\u0440\u0433\u043e\u0432\u043e\u043c\u0443 \u0446\u0435\u043d\u0442\u0440\u0456. \u0417\u0430 12 \u0445\u0432\u0438\u043b\u0438\u043d \u0431\u0435\u0437\u043f\u0435\u0440\u0435\u0440\u0432\u043d\u043e\u0433\u043e \u0431\u0456\u0433\u0443 \u0443\u0447\u0430\u0441\u043d\u0438\u043a\u0438 \u0437\u0430\u0445\u043e\u0434\u0443 \u0434\u043e\u0441\u044f\u0433\u043b\u0438 \u043d\u0430\u0439\u043a\u0440\u0430\u0449\u0438\u0445 \u0440\u0435\u0437\u0443\u043b\u044c\u0442\u0430\u0442\u0456\u0432, \u0430\u0434\u0436\u0435 \u0437\u0430 \u043a\u043e\u0436\u0435\u043d \u043a\u0456\u043b\u043e\u043c\u0435\u0442\u0440 \u0431\u0456\u0433\u0443 \u043f\u0430\u0440\u0442\u043d\u0435\u0440\u0438 \u0437\u0430\u0445\u043e\u0434\u0443 \u043f\u043e\u0436\u0435\u0440\u0442\u0432\u0443\u0432\u0430\u043b\u0438 5 \u0437\u043b\u043e\u0442\u0438\u0445 \u0423\u043d\u0456\u0432\u0435\u0440\u0441\u0438\u0442\u0435\u0442\u0443 \u041f\u043e\u0442\u0435\u043d\u0436\u043d\u0438\u0447\u0430 \u0414\u0437\u0456\u043a\u043e\u0432\u0430\r\n\r\n\r\n<p><b>\u0414\u0430\u0432\u0430\u0439\u0442\u0435 \u0440\u0430\u0437\u043e\u043c \u043e\u0440\u0433\u0430\u043d\u0456\u0437\u0443\u0454\u043c\u043e \u0447\u0443\u0434\u043e\u0432\u0438\u0439 \u0437\u0430\u0445\u0456\u0434! \u041d\u0430\u043f\u0438\u0448\u0456\u0442\u044c \u043d\u0430\u043c \u043d\u0430 \u0430\u0434\u0440\u0435\u0441\u0443 <a href=\"mailto:biuro@sfad.pl\">biuro@sfad.pl<\/a>!<\/b><\/p>\t\t\t\t\t\t<\/div>\n\t\t\t\t<\/div>\n\t\t\t\t<div class=\"elementor-element elementor-element-c657c67 col-2 col-tablet-2 col-mobile-1 elementor-widget elementor-widget-wgl-gallery\" data-id=\"c657c67\" data-element_type=\"widget\" data-widget_type=\"wgl-gallery.default\">\n\t\t\t\t<div class=\"elementor-widget-container\">\n\t\t\t<div class=\"wgl-gallery\"><div class=\"wgl-gallery_items  appear-animation slide-top\"><div class=\"wgl-gallery_item-wrapper\"><a class=\"wgl-gallery_item\" data-elementor-open-lightbox=\"yes\" data-elementor-lightbox-slideshow=\"all-c657c67\" data-elementor-lightbox-title=\"Dzie\u0144-Sportu-2\" data-e-action-hash=\"#elementor-action%3Aaction%3Dlightbox%26settings%3DeyJpZCI6MzI0LCJ1cmwiOiJodHRwczpcL1wvc3dpbWZvcmFkcmVhbS5jb21cL3dwLWNvbnRlbnRcL3VwbG9hZHNcLzIwMjJcLzA0XC9Eemllbi1TcG9ydHUtMi5qcGciLCJzbGlkZXNob3ciOiJhbGwtYzY1N2M2NyJ9\" href=\"https:\/\/swimforadream.com\/wp-content\/uploads\/2022\/04\/Dzien-Sportu-2.jpg\"><img decoding=\"async\" class=\"wgl-gallery_image\" src=\"https:\/\/swimforadream.com\/wp-content\/uploads\/2022\/04\/Dzien-Sportu-2-768x432.jpg\" alt=\"\"><\/a><\/div><div class=\"wgl-gallery_item-wrapper\"><a class=\"wgl-gallery_item\" data-elementor-open-lightbox=\"yes\" data-elementor-lightbox-slideshow=\"all-c657c67\" data-elementor-lightbox-title=\"dzie\u0144-sportu-1\" data-e-action-hash=\"#elementor-action%3Aaction%3Dlightbox%26settings%3DeyJpZCI6MzIxLCJ1cmwiOiJodHRwczpcL1wvc3dpbWZvcmFkcmVhbS5jb21cL3dwLWNvbnRlbnRcL3VwbG9hZHNcLzIwMjJcLzA0XC9kemllbi1zcG9ydHUtMS5qcGciLCJzbGlkZXNob3ciOiJhbGwtYzY1N2M2NyJ9\" href=\"https:\/\/swimforadream.com\/wp-content\/uploads\/2022\/04\/dzien-sportu-1.jpg\"><img decoding=\"async\" class=\"wgl-gallery_image\" src=\"https:\/\/swimforadream.com\/wp-content\/uploads\/2022\/04\/dzien-sportu-1-768x432.jpg\" alt=\"\"><\/a><\/div><\/div><\/div>\t\t<\/div>\n\t\t\t\t<\/div>\n\t\t\t\t<div class=\"elementor-element elementor-element-41f6865 elementor-widget elementor-widget-text-editor\" data-id=\"41f6865\" data-element_type=\"widget\" data-widget_type=\"text-editor.default\">\n\t\t\t\t<div class=\"elementor-widget-container\">\n\t\t\t\t\t\t\t<p>\u042f\u043a\u0449\u043e \u0432\u0438 \u0445\u043e\u0447\u0435\u0442\u0435 \u0445\u043e\u0447\u0430 \u0431 \u0442\u0440\u043e\u0445\u0438 \u0432\u0456\u0434\u0447\u0443\u0442\u0438 \u0430\u0442\u043c\u043e\u0441\u0444\u0435\u0440\u0443 \u0446\u0456\u0454\u0457 \u043f\u043e\u0434\u0456\u0457, \u0437\u0430\u0433\u043b\u044f\u043d\u044c\u0442\u0435 \u0432 \u043d\u0430\u0448 \u0431\u043b\u043e\u0433, \u0434\u0435 \u043c\u0438 \u043e\u043f\u0438\u0441\u0430\u043b\u0438 \u0437\u0432\u0456\u0442 \u0456\u0437 Sports Day.<\/p>\t\t\t\t\t\t<\/div>\n\t\t\t\t<\/div>\n\t\t\t\t\t<\/div>\n\t\t<\/div>\n\t\t\t\t\t<\/div>\n\t\t<\/section>\n\t\t\t\t<\/div>\n\t\t","protected":false},"excerpt":{"rendered":"<p>\u041c\u0438 \u0436\u0438\u0432\u0435\u043c\u043e \u043d\u0435 \u0442\u0456\u043b\u044c\u043a\u0438 \u043f\u043b\u0430\u0432\u0430\u043d\u043d\u044f\u043c \u0414\u043e\u0431\u0440\u0456 \u043f\u043e\u0434\u0456\u0457 \u0446\u0435 \u0442\u0430\u043a\u0456, \u044f\u043a\u0456 \u043d\u0430\u0440\u043e\u0434\u0436\u0443\u044e\u0442\u044c\u0441\u044f \u0432 \u043e\u0434\u043d\u0456\u0439 \u0433\u043e\u043b\u043e\u0432\u0456, \u0430 \u0431\u0430\u0433\u0430\u0442\u043e \u0440\u0443\u043a \u043c\u0430\u0454 \u0432 \u043d\u0438\u0445 \u043f\u0430\u043b\u044c\u0446\u0456, \u0449\u043e\u0431 \u0449\u0435 \u0431\u0456\u043b\u044c\u0448\u0435 \u0441\u0435\u0440\u0434\u0435\u0446\u044c \u0431\u0438\u043b\u043e\u0441\u044c \u0432 \u043e\u0434\u043d\u043e\u043c\u0443 \u0440\u0438\u0442\u043c\u0456! \u0423 \u0440\u0430\u043c\u043a\u0430\u0445 \u0424\u043e\u043d\u0434\u0443 \u043c\u0438 \u043e\u0445\u043e\u0447\u0435 \u0432\u0441\u0442\u0443\u043f\u0430\u0454\u043c\u043e \u0432 \u0441\u043f\u0456\u0432\u043f\u0440\u0430\u0446\u044e \u0437 \u043a\u043e\u043c\u043f\u0430\u043d\u0456\u044f\u043c\u0438 \u0442\u0430 \u043e\u0440\u0433\u0430\u043d\u0456\u0437\u0430\u0446\u0456\u044f\u043c\u0438 \u0434\u043b\u044f \u0441\u043f\u0456\u043b\u044c\u043d\u043e\u0433\u043e \u0441\u0442\u0432\u043e\u0440\u0435\u043d\u043d\u044f \u0447\u0443\u0434\u043e\u0432\u0438\u0445 \u0431\u043b\u0430\u0433\u043e\u0434\u0456\u0439\u043d\u0438\u0445 \u0430\u043a\u0446\u0456\u0439, \u044f\u043a\u0456 \u043d\u0430\u0434\u043e\u0432\u0433\u043e \u0437\u0430\u043f\u0430\u043c\u2019\u044f\u0442\u0430\u044e\u0442\u044c\u0441\u044f \u0443\u0447\u0430\u0441\u043d\u0438\u043a\u0430\u043c. \u0422\u0430\u043a\u0438\u043c \u0447\u0438\u043d\u043e\u043c, \u0443 \u0441\u043f\u0456\u0432\u043f\u0440\u0430\u0446\u0456 [&hellip;]<\/p>\n","protected":false},"author":1,"featured_media":810,"parent":0,"menu_order":0,"comment_status":"closed","ping_status":"closed","template":"","meta":{"footnotes":""},"class_list":["post-934","page","type-page","status-publish","has-post-thumbnail","hentry"],"yoast_head":"<!-- This site is optimized with the Yoast SEO plugin v24.7 - https:\/\/yoast.com\/wordpress\/plugins\/seo\/ -->\n<title>\u0421\u043f\u043e\u0440\u0442\u0438\u0432\u043d\u0456 \u0437\u0430\u0445\u043e\u0434\u0438 ~ Swim for a Dream<\/title>\n<meta name=\"robots\" content=\"index, follow, max-snippet:-1, max-image-preview:large, max-video-preview:-1\" \/>\n<link rel=\"canonical\" href=\"https:\/\/swimforadream.com\/uk\/sports-events\/\" \/>\n<meta property=\"og:locale\" content=\"uk_UA\" \/>\n<meta property=\"og:type\" content=\"article\" \/>\n<meta property=\"og:title\" content=\"\u0421\u043f\u043e\u0440\u0442\u0438\u0432\u043d\u0456 \u0437\u0430\u0445\u043e\u0434\u0438 ~ Swim for a Dream\" \/>\n<meta property=\"og:url\" content=\"https:\/\/swimforadream.com\/uk\/sports-events\/\" \/>\n<meta property=\"og:site_name\" content=\"Swim for a Dream\" \/>\n<meta property=\"article:modified_time\" content=\"2022-05-07T16:47:45+00:00\" \/>\n<meta property=\"og:image\" content=\"https:\/\/swimforadream.com\/wp-content\/uploads\/2022\/04\/Zrzut-ekranu-2020-07-16-o-15.57.jpg\" \/>\n\t<meta property=\"og:image:width\" content=\"1045\" \/>\n\t<meta property=\"og:image:height\" content=\"698\" \/>\n\t<meta property=\"og:image:type\" content=\"image\/jpeg\" \/>\n<meta name=\"twitter:card\" content=\"summary_large_image\" \/>\n<script type=\"application\/ld+json\" class=\"yoast-schema-graph\">{\"@context\":\"https:\/\/schema.org\",\"@graph\":[{\"@type\":\"Article\",\"@id\":\"https:\/\/swimforadream.com\/uk\/sports-events\/#article\",\"isPartOf\":{\"@id\":\"https:\/\/swimforadream.com\/uk\/sports-events\/\"},\"author\":{\"name\":\"IT-Spectrum\",\"@id\":\"https:\/\/swimforadream.com\/uk\/#\/schema\/person\/15f5b246b3874a6b931fa1d7a30a18ed\"},\"headline\":\"\u0421\u043f\u043e\u0440\u0442\u0438\u0432\u043d\u0456 \u0437\u0430\u0445\u043e\u0434\u0438\",\"datePublished\":\"2022-04-27T17:16:45+00:00\",\"dateModified\":\"2022-05-07T16:47:45+00:00\",\"mainEntityOfPage\":{\"@id\":\"https:\/\/swimforadream.com\/uk\/sports-events\/\"},\"wordCount\":136,\"publisher\":{\"@id\":\"https:\/\/swimforadream.com\/uk\/#organization\"},\"image\":{\"@id\":\"https:\/\/swimforadream.com\/uk\/sports-events\/#primaryimage\"},\"thumbnailUrl\":\"https:\/\/swimforadream.com\/wp-content\/uploads\/2022\/04\/Zrzut-ekranu-2020-07-16-o-15.57.jpg\",\"inLanguage\":\"uk\"},{\"@type\":\"WebPage\",\"@id\":\"https:\/\/swimforadream.com\/uk\/sports-events\/\",\"url\":\"https:\/\/swimforadream.com\/uk\/sports-events\/\",\"name\":\"\u0421\u043f\u043e\u0440\u0442\u0438\u0432\u043d\u0456 \u0437\u0430\u0445\u043e\u0434\u0438 ~ Swim for a Dream\",\"isPartOf\":{\"@id\":\"https:\/\/swimforadream.com\/uk\/#website\"},\"primaryImageOfPage\":{\"@id\":\"https:\/\/swimforadream.com\/uk\/sports-events\/#primaryimage\"},\"image\":{\"@id\":\"https:\/\/swimforadream.com\/uk\/sports-events\/#primaryimage\"},\"thumbnailUrl\":\"https:\/\/swimforadream.com\/wp-content\/uploads\/2022\/04\/Zrzut-ekranu-2020-07-16-o-15.57.jpg\",\"datePublished\":\"2022-04-27T17:16:45+00:00\",\"dateModified\":\"2022-05-07T16:47:45+00:00\",\"breadcrumb\":{\"@id\":\"https:\/\/swimforadream.com\/uk\/sports-events\/#breadcrumb\"},\"inLanguage\":\"uk\",\"potentialAction\":[{\"@type\":\"ReadAction\",\"target\":[\"https:\/\/swimforadream.com\/uk\/sports-events\/\"]}]},{\"@type\":\"ImageObject\",\"inLanguage\":\"uk\",\"@id\":\"https:\/\/swimforadream.com\/uk\/sports-events\/#primaryimage\",\"url\":\"https:\/\/swimforadream.com\/wp-content\/uploads\/2022\/04\/Zrzut-ekranu-2020-07-16-o-15.57.jpg\",\"contentUrl\":\"https:\/\/swimforadream.com\/wp-content\/uploads\/2022\/04\/Zrzut-ekranu-2020-07-16-o-15.57.jpg\",\"width\":1045,\"height\":698},{\"@type\":\"BreadcrumbList\",\"@id\":\"https:\/\/swimforadream.com\/uk\/sports-events\/#breadcrumb\",\"itemListElement\":[{\"@type\":\"ListItem\",\"position\":1,\"name\":\"\u0413\u043e\u043b\u043e\u0432\u043d\u0430\",\"item\":\"https:\/\/swimforadream.com\/uk\/home\/\"},{\"@type\":\"ListItem\",\"position\":2,\"name\":\"\u0421\u043f\u043e\u0440\u0442\u0438\u0432\u043d\u0456 \u0437\u0430\u0445\u043e\u0434\u0438\"}]},{\"@type\":\"WebSite\",\"@id\":\"https:\/\/swimforadream.com\/uk\/#website\",\"url\":\"https:\/\/swimforadream.com\/uk\/\",\"name\":\"Swim for a Dream\",\"description\":\"Kolejna witryna oparta na WordPressie\",\"publisher\":{\"@id\":\"https:\/\/swimforadream.com\/uk\/#organization\"},\"potentialAction\":[{\"@type\":\"SearchAction\",\"target\":{\"@type\":\"EntryPoint\",\"urlTemplate\":\"https:\/\/swimforadream.com\/uk\/?s={search_term_string}\"},\"query-input\":{\"@type\":\"PropertyValueSpecification\",\"valueRequired\":true,\"valueName\":\"search_term_string\"}}],\"inLanguage\":\"uk\"},{\"@type\":[\"Organization\",\"Place\"],\"@id\":\"https:\/\/swimforadream.com\/uk\/#organization\",\"name\":\"Swim For a Dream\",\"url\":\"https:\/\/swimforadream.com\/uk\/\",\"logo\":{\"@id\":\"https:\/\/swimforadream.com\/uk\/sports-events\/#local-main-organization-logo\"},\"image\":{\"@id\":\"https:\/\/swimforadream.com\/uk\/sports-events\/#local-main-organization-logo\"},\"openingHoursSpecification\":[{\"@type\":\"OpeningHoursSpecification\",\"dayOfWeek\":[\"Monday\",\"Tuesday\",\"Wednesday\",\"Thursday\",\"Friday\",\"Saturday\",\"Sunday\"],\"opens\":\"09:00\",\"closes\":\"17:00\"}]},{\"@type\":\"Person\",\"@id\":\"https:\/\/swimforadream.com\/uk\/#\/schema\/person\/15f5b246b3874a6b931fa1d7a30a18ed\",\"name\":\"IT-Spectrum\",\"sameAs\":[\"https:\/\/swimforadream.com\"]},{\"@type\":\"ImageObject\",\"inLanguage\":\"uk\",\"@id\":\"https:\/\/swimforadream.com\/uk\/sports-events\/#local-main-organization-logo\",\"url\":\"https:\/\/swimforadream.com\/wp-content\/uploads\/2022\/04\/logo.png\",\"contentUrl\":\"https:\/\/swimforadream.com\/wp-content\/uploads\/2022\/04\/logo.png\",\"width\":347,\"height\":359,\"caption\":\"Swim For a Dream\"}]}<\/script>\n<!-- \/ Yoast SEO plugin. -->","yoast_head_json":{"title":"\u0421\u043f\u043e\u0440\u0442\u0438\u0432\u043d\u0456 \u0437\u0430\u0445\u043e\u0434\u0438 ~ Swim for a Dream","robots":{"index":"index","follow":"follow","max-snippet":"max-snippet:-1","max-image-preview":"max-image-preview:large","max-video-preview":"max-video-preview:-1"},"canonical":"https:\/\/swimforadream.com\/uk\/sports-events\/","og_locale":"uk_UA","og_type":"article","og_title":"\u0421\u043f\u043e\u0440\u0442\u0438\u0432\u043d\u0456 \u0437\u0430\u0445\u043e\u0434\u0438 ~ Swim for a Dream","og_url":"https:\/\/swimforadream.com\/uk\/sports-events\/","og_site_name":"Swim for a Dream","article_modified_time":"2022-05-07T16:47:45+00:00","og_image":[{"width":1045,"height":698,"url":"https:\/\/swimforadream.com\/wp-content\/uploads\/2022\/04\/Zrzut-ekranu-2020-07-16-o-15.57.jpg","type":"image\/jpeg"}],"twitter_card":"summary_large_image","schema":{"@context":"https:\/\/schema.org","@graph":[{"@type":"Article","@id":"https:\/\/swimforadream.com\/uk\/sports-events\/#article","isPartOf":{"@id":"https:\/\/swimforadream.com\/uk\/sports-events\/"},"author":{"name":"IT-Spectrum","@id":"https:\/\/swimforadream.com\/uk\/#\/schema\/person\/15f5b246b3874a6b931fa1d7a30a18ed"},"headline":"\u0421\u043f\u043e\u0440\u0442\u0438\u0432\u043d\u0456 \u0437\u0430\u0445\u043e\u0434\u0438","datePublished":"2022-04-27T17:16:45+00:00","dateModified":"2022-05-07T16:47:45+00:00","mainEntityOfPage":{"@id":"https:\/\/swimforadream.com\/uk\/sports-events\/"},"wordCount":136,"publisher":{"@id":"https:\/\/swimforadream.com\/uk\/#organization"},"image":{"@id":"https:\/\/swimforadream.com\/uk\/sports-events\/#primaryimage"},"thumbnailUrl":"https:\/\/swimforadream.com\/wp-content\/uploads\/2022\/04\/Zrzut-ekranu-2020-07-16-o-15.57.jpg","inLanguage":"uk"},{"@type":"WebPage","@id":"https:\/\/swimforadream.com\/uk\/sports-events\/","url":"https:\/\/swimforadream.com\/uk\/sports-events\/","name":"\u0421\u043f\u043e\u0440\u0442\u0438\u0432\u043d\u0456 \u0437\u0430\u0445\u043e\u0434\u0438 ~ Swim for a Dream","isPartOf":{"@id":"https:\/\/swimforadream.com\/uk\/#website"},"primaryImageOfPage":{"@id":"https:\/\/swimforadream.com\/uk\/sports-events\/#primaryimage"},"image":{"@id":"https:\/\/swimforadream.com\/uk\/sports-events\/#primaryimage"},"thumbnailUrl":"https:\/\/swimforadream.com\/wp-content\/uploads\/2022\/04\/Zrzut-ekranu-2020-07-16-o-15.57.jpg","datePublished":"2022-04-27T17:16:45+00:00","dateModified":"2022-05-07T16:47:45+00:00","breadcrumb":{"@id":"https:\/\/swimforadream.com\/uk\/sports-events\/#breadcrumb"},"inLanguage":"uk","potentialAction":[{"@type":"ReadAction","target":["https:\/\/swimforadream.com\/uk\/sports-events\/"]}]},{"@type":"ImageObject","inLanguage":"uk","@id":"https:\/\/swimforadream.com\/uk\/sports-events\/#primaryimage","url":"https:\/\/swimforadream.com\/wp-content\/uploads\/2022\/04\/Zrzut-ekranu-2020-07-16-o-15.57.jpg","contentUrl":"https:\/\/swimforadream.com\/wp-content\/uploads\/2022\/04\/Zrzut-ekranu-2020-07-16-o-15.57.jpg","width":1045,"height":698},{"@type":"BreadcrumbList","@id":"https:\/\/swimforadream.com\/uk\/sports-events\/#breadcrumb","itemListElement":[{"@type":"ListItem","position":1,"name":"\u0413\u043e\u043b\u043e\u0432\u043d\u0430","item":"https:\/\/swimforadream.com\/uk\/home\/"},{"@type":"ListItem","position":2,"name":"\u0421\u043f\u043e\u0440\u0442\u0438\u0432\u043d\u0456 \u0437\u0430\u0445\u043e\u0434\u0438"}]},{"@type":"WebSite","@id":"https:\/\/swimforadream.com\/uk\/#website","url":"https:\/\/swimforadream.com\/uk\/","name":"Swim for a Dream","description":"Kolejna witryna oparta na WordPressie","publisher":{"@id":"https:\/\/swimforadream.com\/uk\/#organization"},"potentialAction":[{"@type":"SearchAction","target":{"@type":"EntryPoint","urlTemplate":"https:\/\/swimforadream.com\/uk\/?s={search_term_string}"},"query-input":{"@type":"PropertyValueSpecification","valueRequired":true,"valueName":"search_term_string"}}],"inLanguage":"uk"},{"@type":["Organization","Place"],"@id":"https:\/\/swimforadream.com\/uk\/#organization","name":"Swim For a Dream","url":"https:\/\/swimforadream.com\/uk\/","logo":{"@id":"https:\/\/swimforadream.com\/uk\/sports-events\/#local-main-organization-logo"},"image":{"@id":"https:\/\/swimforadream.com\/uk\/sports-events\/#local-main-organization-logo"},"openingHoursSpecification":[{"@type":"OpeningHoursSpecification","dayOfWeek":["Monday","Tuesday","Wednesday","Thursday","Friday","Saturday","Sunday"],"opens":"09:00","closes":"17:00"}]},{"@type":"Person","@id":"https:\/\/swimforadream.com\/uk\/#\/schema\/person\/15f5b246b3874a6b931fa1d7a30a18ed","name":"IT-Spectrum","sameAs":["https:\/\/swimforadream.com"]},{"@type":"ImageObject","inLanguage":"uk","@id":"https:\/\/swimforadream.com\/uk\/sports-events\/#local-main-organization-logo","url":"https:\/\/swimforadream.com\/wp-content\/uploads\/2022\/04\/logo.png","contentUrl":"https:\/\/swimforadream.com\/wp-content\/uploads\/2022\/04\/logo.png","width":347,"height":359,"caption":"Swim For a Dream"}]}},"_links":{"self":[{"href":"https:\/\/swimforadream.com\/uk\/wp-json\/wp\/v2\/pages\/934","targetHints":{"allow":["GET"]}}],"collection":[{"href":"https:\/\/swimforadream.com\/uk\/wp-json\/wp\/v2\/pages"}],"about":[{"href":"https:\/\/swimforadream.com\/uk\/wp-json\/wp\/v2\/types\/page"}],"author":[{"embeddable":true,"href":"https:\/\/swimforadream.com\/uk\/wp-json\/wp\/v2\/users\/1"}],"replies":[{"embeddable":true,"href":"https:\/\/swimforadream.com\/uk\/wp-json\/wp\/v2\/comments?post=934"}],"version-history":[{"count":6,"href":"https:\/\/swimforadream.com\/uk\/wp-json\/wp\/v2\/pages\/934\/revisions"}],"predecessor-version":[{"id":1277,"href":"https:\/\/swimforadream.com\/uk\/wp-json\/wp\/v2\/pages\/934\/revisions\/1277"}],"wp:featuredmedia":[{"embeddable":true,"href":"https:\/\/swimforadream.com\/uk\/wp-json\/wp\/v2\/media\/810"}],"wp:attachment":[{"href":"https:\/\/swimforadream.com\/uk\/wp-json\/wp\/v2\/media?parent=934"}],"curies":[{"name":"wp","href":"https:\/\/api.w.org\/{rel}","templated":true}]}}